{"id":371,"date":"2022-09-21T23:41:47","date_gmt":"2022-09-21T21:41:47","guid":{"rendered":"http:\/\/upcfvmo.cluster030.hosting.ovh.net\/?page_id=371"},"modified":"2022-09-21T23:41:54","modified_gmt":"2022-09-21T21:41:54","slug":"mentions-legales","status":"publish","type":"page","link":"https:\/\/crpl47.com\/index.php\/mentions-legales\/","title":{"rendered":"MENTIONS L\u00c9GALES"},"content":{"rendered":"<p>[et_pb_section fb_built=\u00a0\u00bb1&Prime; fullwidth=\u00a0\u00bbon\u00a0\u00bb admin_label=\u00a0\u00bbInterior Hero 2&Prime; module_class=\u00a0\u00bbsfly_interior sfly_interior_hero_2&Prime; _builder_version=\u00a0\u00bb4.16&Prime; background_color=\u00a0\u00bb#000000&Prime; locked=\u00a0\u00bboff\u00a0\u00bb global_colors_info=\u00a0\u00bb{}\u00a0\u00bb _module_preset=\u00a0\u00bbdefault\u00a0\u00bb theme_builder_area=\u00a0\u00bbpost_content\u00a0\u00bb][et_pb_fullwidth_header title=\u00a0\u00bbMentions l\u00e9gales\u00a0\u00bb background_overlay_color=\u00a0\u00bbrgba(0,0,0,0.4)\u00a0\u00bb module_class=\u00a0\u00bbsfly_fullwidth_header\u00a0\u00bb _builder_version=\u00a0\u00bb4.17.4&Prime; title_font=\u00a0\u00bb|700|||||||\u00a0\u00bb title_font_size=\u00a0\u00bb48px\u00a0\u00bb content_font_size=\u00a0\u00bb18px\u00a0\u00bb parallax=\u00a0\u00bbon\u00a0\u00bb custom_button_one=\u00a0\u00bbon\u00a0\u00bb button_one_text_color=\u00a0\u00bb#000000&Prime; button_one_bg_color=\u00a0\u00bb#ffffff\u00a0\u00bb button_one_border_color=\u00a0\u00bb#ffffff\u00a0\u00bb button_one_font=\u00a0\u00bb|700|||||||\u00a0\u00bb button_one_use_icon=\u00a0\u00bboff\u00a0\u00bb custom_button_two=\u00a0\u00bbon\u00a0\u00bb button_two_font=\u00a0\u00bb|700|||||||\u00a0\u00bb button_two_use_icon=\u00a0\u00bboff\u00a0\u00bb custom_padding=\u00a0\u00bb60px||50px||false\u00a0\u00bb animation_style=\u00a0\u00bbfade\u00a0\u00bb animation_duration=\u00a0\u00bb1500ms\u00a0\u00bb hover_enabled=\u00a0\u00bb0&Prime; title_font_size_tablet=\u00a0\u00bb36px\u00a0\u00bb title_font_size_phone=\u00a0\u00bb24px\u00a0\u00bb title_font_size_last_edited=\u00a0\u00bbon|phone\u00a0\u00bb button_one_text_color_hover=\u00a0\u00bb#ffffff\u00a0\u00bb button_two_text_color_hover=\u00a0\u00bb#ffffff\u00a0\u00bb button_one_border_color_hover=\u00a0\u00bb#ffffff\u00a0\u00bb button_two_border_color_hover=\u00a0\u00bb#ffffff\u00a0\u00bb button_one_bg_color_hover=\u00a0\u00bbrgba(255,255,255,0)\u00a0\u00bb button_two_bg_color_hover=\u00a0\u00bbrgba(0,0,0,0)\u00a0\u00bb global_colors_info=\u00a0\u00bb{}\u00a0\u00bb button_one_text_size__hover_enabled=\u00a0\u00bboff\u00a0\u00bb button_two_text_size__hover_enabled=\u00a0\u00bboff\u00a0\u00bb button_one_text_color__hover_enabled=\u00a0\u00bbon\u00a0\u00bb button_one_text_color__hover=\u00a0\u00bb#ffffff\u00a0\u00bb button_two_text_color__hover_enabled=\u00a0\u00bbon\u00a0\u00bb button_two_text_color__hover=\u00a0\u00bb#ffffff\u00a0\u00bb button_one_border_width__hover_enabled=\u00a0\u00bboff\u00a0\u00bb button_two_border_width__hover_enabled=\u00a0\u00bboff\u00a0\u00bb button_one_border_color__hover_enabled=\u00a0\u00bbon\u00a0\u00bb button_one_border_color__hover=\u00a0\u00bb#ffffff\u00a0\u00bb button_two_border_color__hover_enabled=\u00a0\u00bbon\u00a0\u00bb button_two_border_color__hover=\u00a0\u00bb#ffffff\u00a0\u00bb button_one_border_radius__hover_enabled=\u00a0\u00bboff\u00a0\u00bb button_two_border_radius__hover_enabled=\u00a0\u00bboff\u00a0\u00bb button_one_letter_spacing__hover_enabled=\u00a0\u00bboff\u00a0\u00bb button_two_letter_spacing__hover_enabled=\u00a0\u00bboff\u00a0\u00bb button_one_bg_color__hover_enabled=\u00a0\u00bbon\u00a0\u00bb button_one_bg_color__hover=\u00a0\u00bbrgba(255,255,255,0)\u00a0\u00bb button_two_bg_color__hover_enabled=\u00a0\u00bbon\u00a0\u00bb button_two_bg_color__hover=\u00a0\u00bbrgba(0,0,0,0)\u00a0\u00bb _module_preset=\u00a0\u00bbdefault\u00a0\u00bb theme_builder_area=\u00a0\u00bbpost_content\u00a0\u00bb background_enable_image=\u00a0\u00bboff\u00a0\u00bb sticky_enabled=\u00a0\u00bb0&Prime;][\/et_pb_fullwidth_header][\/et_pb_section][et_pb_section fb_built=\u00a0\u00bb1&Prime; _builder_version=\u00a0\u00bb4.17.4&Prime; _module_preset=\u00a0\u00bbdefault\u00a0\u00bb global_colors_info=\u00a0\u00bb{}\u00a0\u00bb theme_builder_area=\u00a0\u00bbpost_content\u00a0\u00bb][et_pb_row _builder_version=\u00a0\u00bb4.17.4&Prime; _module_preset=\u00a0\u00bbdefault\u00a0\u00bb global_colors_info=\u00a0\u00bb{}\u00a0\u00bb theme_builder_area=\u00a0\u00bbpost_content\u00a0\u00bb][et_pb_column type=\u00a0\u00bb4_4&Prime; _builder_version=\u00a0\u00bb4.17.4&Prime; _module_preset=\u00a0\u00bbdefault\u00a0\u00bb global_colors_info=\u00a0\u00bb{}\u00a0\u00bb theme_builder_area=\u00a0\u00bbpost_content\u00a0\u00bb][et_pb_text _builder_version=\u00a0\u00bb4.17.4&Prime; _module_preset=\u00a0\u00bbdefault\u00a0\u00bb global_colors_info=\u00a0\u00bb{}\u00a0\u00bb theme_builder_area=\u00a0\u00bbpost_content\u00a0\u00bb]<\/p>\n<div class=\"dmRespRow u_1742872370\" id=\"1742872370\">\n<div class=\"dmRespColsWrapper\" id=\"1985002013\">\n<div class=\"u_1064374722 dmRespCol small-12 large-3 medium-3\" id=\"1064374722\">\n<div class=\"u_1252433204 dmNewParagraph\" id=\"1252433204\"><b><span>Ce site est \u00e9dit\u00e9 par :<\/span><\/b><\/div>\n<\/div>\n<div class=\"u_1864915076 dmRespCol small-12 large-9 medium-9\" id=\"1864915076\">\n<div class=\"u_1404118931 dmNewParagraph\" id=\"1404118931\" data-diy-text=\"\">\n<p class=\"rteBlock\">Centre de Rectification Poids Lourds<\/p>\n<p class=\"rteBlock\">\n<\/div>\n<\/div>\n<\/div>\n<\/div>\n<div class=\"dmRespRow u_1669388041\" id=\"1669388041\">\n<div class=\"dmRespColsWrapper\" id=\"1086730226\">\n<div class=\"u_1978601322 dmRespCol small-12 large-3 medium-3\" id=\"1978601322\">\n<div class=\"u_1784990903 dmNewParagraph\" id=\"1784990903\"><b><span>Capital :<\/span><\/b><\/div>\n<\/div>\n<div class=\"u_1395680526 dmRespCol small-12 large-9 medium-9\" id=\"1395680526\">\n<div class=\"u_1276823894 dmNewParagraph\" id=\"1276823894\" data-diy-text=\"\">\n<p class=\"rteBlock\">16769.00 \u20ac<\/p>\n<p class=\"rteBlock\">\n<\/div>\n<\/div>\n<\/div>\n<\/div>\n<div class=\"dmRespRow u_1847543638\" id=\"1847543638\">\n<div class=\"dmRespColsWrapper\" id=\"1777408737\">\n<div class=\"u_1063551345 dmRespCol small-12 large-3 medium-3\" id=\"1063551345\">\n<div class=\"u_1353742718 dmNewParagraph\" id=\"1353742718\"><b><span>Adresse :<\/span><\/b><\/div>\n<\/div>\n<div class=\"u_1123217614 dmRespCol small-12 large-9 medium-9\" id=\"1123217614\">\n<div class=\"u_1267185754 dmNewParagraph\" id=\"1267185754\" data-diy-text=\"\">\n<p class=\"rteBlock\">rue Denis Papin ZI Jean Mal\u00e8ze 47240 CASTELCULIER<\/p>\n<p class=\"rteBlock\">\n<\/div>\n<\/div>\n<\/div>\n<\/div>\n<div class=\"dmRespRow u_1238974895\" id=\"1238974895\">\n<div class=\"dmRespColsWrapper\" id=\"1411542923\">\n<div class=\"u_1920515651 dmRespCol small-12 large-3 medium-3\" id=\"1920515651\">\n<div class=\"u_1050452297 dmNewParagraph\" id=\"1050452297\"><b><span>Adresse \u00e9lectronique :<\/span><\/b><\/div>\n<\/div>\n<div class=\"u_1641677908 dmRespCol small-12 large-9 medium-9\" id=\"1641677908\">\n<div class=\"u_1533293035 dmNewParagraph\" id=\"1533293035\" data-diy-text=\"\">\n<p class=\"rteBlock\"><a href=\"mailto:crpl@wanadoo.fr\">crpl[@]wanadoo.fr<\/a><\/p>\n<p class=\"rteBlock\">\n<\/div>\n<\/div>\n<\/div>\n<\/div>\n<div class=\"dmRespRow u_1497771214\" id=\"1497771214\">\n<div class=\"dmRespColsWrapper\" id=\"1315255047\">\n<div class=\"u_1506242637 dmRespCol small-12 large-3 medium-3\" id=\"1506242637\">\n<div class=\"u_1782129960 dmNewParagraph\" id=\"1782129960\"><b><span>T\u00e9l\u00e9phone :<\/span><\/b><\/div>\n<\/div>\n<div class=\"u_1978949199 dmRespCol small-12 large-9 medium-9\" id=\"1978949199\">\n<div class=\"u_1741329037 dmNewParagraph\" id=\"1741329037\" data-diy-text=\"\">\n<p class=\"rteBlock\">0553489410<\/p>\n<p class=\"rteBlock\">\n<\/div>\n<\/div>\n<\/div>\n<\/div>\n<div class=\"dmRespRow u_1513059416\" id=\"1513059416\">\n<div class=\"dmRespColsWrapper\" id=\"1920070238\">\n<div class=\"u_1050259351 dmRespCol small-12 large-3 medium-3\" id=\"1050259351\">\n<div class=\"u_1217596794 dmNewParagraph\" id=\"1217596794\"><b><span>N\u00b0 Registre du Commerce ou R\u00e9pertoire des m\u00e9tiers :<\/span><\/b><\/div>\n<\/div>\n<div class=\"u_1698692717 dmRespCol small-12 large-9 medium-9\" id=\"1698692717\">\n<div class=\"u_1222495365 dmNewParagraph\" id=\"1222495365\" data-diy-text=\"\">\n<p class=\"rteBlock\">328338934<\/p>\n<p class=\"rteBlock\">\n<\/div>\n<\/div>\n<\/div>\n<\/div>\n<div class=\"dmRespRow u_1022691359\" id=\"1022691359\">\n<div class=\"dmRespColsWrapper\" id=\"1179015280\">\n<div class=\"u_1864989086 dmRespCol small-12 large-3 medium-3\" id=\"1864989086\">\n<div class=\"u_1277758107 dmNewParagraph\" id=\"1277758107\"><b><span>N\u00b0 SIRET de l\u2019\u00e9tablissement :<\/span><\/b><\/div>\n<\/div>\n<div class=\"u_1467231516 dmRespCol small-12 large-9 medium-9\" id=\"1467231516\">\n<div class=\"u_1067417588 dmNewParagraph\" id=\"1067417588\" data-diy-text=\"\">\n<p class=\"rteBlock\">328338934 00024<\/p>\n<p class=\"rteBlock\">\n<\/div>\n<\/div>\n<\/div>\n<\/div>\n<div class=\"dmRespRow u_1316438060\" id=\"1316438060\">\n<div class=\"dmRespColsWrapper\" id=\"1410754162\">\n<div class=\"u_1858189435 dmRespCol small-12 large-3 medium-3\" id=\"1858189435\">\n<div class=\"u_1222610673 dmNewParagraph\" id=\"1222610673\"><b><span>N\u00b0 d\u2019assujettissement \u00e0 la TVA :<\/span><\/b><b><span><\/span><\/b><\/div>\n<div class=\"u_1222610673 dmNewParagraph\"><b><span><\/span><\/b><\/div>\n<div class=\"u_1222610673 dmNewParagraph\"><b><span>&#8211;<\/span><\/b><b><span><\/span><\/b><\/div>\n<\/div>\n<div class=\"u_1490164803 dmRespCol small-12 large-9 medium-9 content-removed\" id=\"1490164803\"><\/div>\n<\/div>\n<\/div>\n<div class=\"dmRespRow u_1379541851\" id=\"1379541851\">\n<div class=\"dmRespColsWrapper\" id=\"1206825055\">\n<div class=\"u_1697114603 dmRespCol small-12 large-3 medium-3\" id=\"1697114603\">\n<div class=\"u_1200456475 dmNewParagraph\" id=\"1200456475\"><b><span>Titre professionnel\u2013Autorisation :<\/span><\/b><b><span><\/span><\/b><\/div>\n<div class=\"u_1200456475 dmNewParagraph\"><b><span>&#8211;<\/span><\/b><\/div>\n<\/div>\n<div class=\"u_1574002995 dmRespCol small-12 large-9 medium-9 content-removed\" id=\"1574002995\"><\/div>\n<\/div>\n<\/div>\n<div class=\"dmRespRow u_1772601001\" id=\"1772601001\">\n<div class=\"dmRespColsWrapper\" id=\"1953041037\">\n<div class=\"u_1560321786 dmRespCol small-12 large-3 medium-3\" id=\"1560321786\">\n<div class=\"u_1813462193 dmNewParagraph\" id=\"1813462193\"><b><span>R\u00e9f\u00e9rence aux r\u00e8gles professionnelles applicables :<\/span><\/b><\/div>\n<div class=\"u_1813462193 dmNewParagraph\"><b><span>&#8211;<\/span><\/b><\/div>\n<\/div>\n<div class=\"u_1377982782 dmRespCol small-12 large-9 medium-9 content-removed\" id=\"1377982782\"><\/div>\n<\/div>\n<\/div>\n<div class=\"u_1885819052 dmRespRow\" id=\"1885819052\">\n<div class=\"dmRespColsWrapper\" id=\"1230047013\">\n<div class=\"u_1096418328 dmRespCol small-12 large-3 medium-3\" id=\"1096418328\">\n<div class=\"u_1441197813 dmNewParagraph\" id=\"1441197813\"><b><span>Qualit\u00e9 de locataire g\u00e9rant ou g\u00e9rant mandataire :<\/span><\/b><\/div>\n<div class=\"u_1441197813 dmNewParagraph\"><b><span>&#8211;<\/span><\/b><\/div>\n<\/div>\n<div class=\"u_1365217565 dmRespCol small-12 large-9 medium-9 content-removed\" id=\"1365217565\"><\/div>\n<\/div>\n<\/div>\n<div class=\"u_1945841959 dmRespRow\" id=\"1945841959\">\n<div class=\"dmRespColsWrapper\" id=\"1270257245\">\n<div class=\"u_1938416974 dmRespCol small-12 large-3 medium-3\" id=\"1938416974\">\n<div class=\"u_1256869598 dmNewParagraph\" id=\"1256869598\"><b><span>Mentions l\u00e9gales sp\u00e9cifiques :<\/span><\/b><\/div>\n<div class=\"u_1256869598 dmNewParagraph\"><b><span>&#8211;<\/span><\/b><\/div>\n<div class=\"u_1256869598 dmNewParagraph\"><b><span><\/span><\/b><\/div>\n<\/div>\n<\/div>\n<\/div>\n<div class=\"dmRespRow u_1552470714\" id=\"1552470714\">\n<div class=\"dmRespColsWrapper\" id=\"1931673389\">\n<div class=\"u_1624777524 dmRespCol small-12 large-3 medium-3\" id=\"1624777524\">\n<div class=\"u_1003570359 dmNewParagraph\" id=\"1003570359\"><b><span>Directeur de r\u00e9daction et de publication :<\/span><\/b><\/div>\n<\/div>\n<div class=\"u_1457423832 dmRespCol small-12 large-9 medium-9\" id=\"1457423832\">\n<div class=\"u_1093613010 dmNewParagraph\" id=\"1093613010\" data-diy-text=\"\">\n<p class=\"rteBlock\">Centre de Rectification Poids Lourds<\/p>\n<\/div>\n<\/div>\n<\/div>\n<\/div>\n<div class=\"dmRespRow u_1556811329\" id=\"1556811329\">\n<div class=\"dmRespColsWrapper\" id=\"1168638298\">\n<div class=\"dmRespCol large-12 medium-12 small-12 u_1590043450 content-removed\" id=\"1590043450\"><\/div>\n<\/div>\n<\/div>\n<div class=\"dmRespRow u_1936334111\" id=\"1936334111\">\n<div class=\"dmRespColsWrapper\" id=\"1314272846\">\n<div class=\"dmRespCol large-12 medium-12 small-12 u_1147972585\" id=\"1147972585\">\n<div class=\"dmNewParagraph u_1304422757\" data-element-type=\"paragraph\" id=\"1304422757\">\n<p>Ce site a \u00e9t\u00e9 con\u00e7u et r\u00e9alis\u00e9 par Agen&rsquo;cy Com<\/p>\n<div><span>\u00a0<\/span><\/div>\n<div><span>Son h\u00e9bergement est assur\u00e9 par OVH, dans un centre de donn\u00e9es europ\u00e9en situ\u00e9 \u00e0 Roubaix en France.<\/span><\/div>\n<\/div>\n<\/div>\n<\/div>\n<\/div>\n<p>[\/et_pb_text][\/et_pb_column][\/et_pb_row][\/et_pb_section]<\/p>\n","protected":false},"excerpt":{"rendered":"<p>Ce site est \u00e9dit\u00e9 par : Centre de Rectification Poids Lourds Capital : 16769.00 \u20ac Adresse : rue Denis Papin ZI Jean Mal\u00e8ze 47240 CASTELCULIER Adresse \u00e9lectronique : crpl[@]wanadoo.fr T\u00e9l\u00e9phone : 0553489410 N\u00b0 Registre du Commerce ou R\u00e9pertoire des m\u00e9tiers : 328338934 N\u00b0 SIRET de l\u2019\u00e9tablissement : 328338934 00024 N\u00b0 d\u2019assujettissement \u00e0 la TVA : [&hellip;]<\/p>\n","protected":false},"author":1,"featured_media":0,"parent":0,"menu_order":0,"comment_status":"closed","ping_status":"closed","template":"","meta":{"_et_pb_use_builder":"on","_et_pb_old_content":"","_et_gb_content_width":"","footnotes":""},"class_list":["post-371","page","type-page","status-publish","hentry"],"yoast_head":"<!-- This site is optimized with the Yoast SEO plugin v27.4 - https:\/\/yoast.com\/product\/yoast-seo-wordpress\/ -->\n<title>MENTIONS L\u00c9GALES - CRPL<\/title>\n<meta name=\"robots\" content=\"index, follow, max-snippet:-1, max-image-preview:large, max-video-preview:-1\" \/>\n<link rel=\"canonical\" href=\"https:\/\/crpl47.com\/index.php\/mentions-legales\/\" \/>\n<meta property=\"og:locale\" content=\"fr_FR\" \/>\n<meta property=\"og:type\" content=\"article\" \/>\n<meta property=\"og:title\" content=\"MENTIONS L\u00c9GALES - CRPL\" \/>\n<meta property=\"og:description\" content=\"Ce site est \u00e9dit\u00e9 par : Centre de Rectification Poids Lourds Capital : 16769.00 \u20ac Adresse : rue Denis Papin ZI Jean Mal\u00e8ze 47240 CASTELCULIER Adresse \u00e9lectronique : crpl[@]wanadoo.fr T\u00e9l\u00e9phone : 0553489410 N\u00b0 Registre du Commerce ou R\u00e9pertoire des m\u00e9tiers : 328338934 N\u00b0 SIRET de l\u2019\u00e9tablissement : 328338934 00024 N\u00b0 d\u2019assujettissement \u00e0 la TVA : [&hellip;]\" \/>\n<meta property=\"og:url\" content=\"https:\/\/crpl47.com\/index.php\/mentions-legales\/\" \/>\n<meta property=\"og:site_name\" content=\"CRPL\" \/>\n<meta property=\"article:modified_time\" content=\"2022-09-21T21:41:54+00:00\" \/>\n<meta name=\"twitter:card\" content=\"summary_large_image\" \/>\n<meta name=\"twitter:label1\" content=\"Dur\u00e9e de lecture estim\u00e9e\" \/>\n\t<meta name=\"twitter:data1\" content=\"3 minutes\" \/>\n<script type=\"application\/ld+json\" class=\"yoast-schema-graph\">{\"@context\":\"https:\\\/\\\/schema.org\",\"@graph\":[{\"@type\":\"WebPage\",\"@id\":\"https:\\\/\\\/crpl47.com\\\/index.php\\\/mentions-legales\\\/\",\"url\":\"https:\\\/\\\/crpl47.com\\\/index.php\\\/mentions-legales\\\/\",\"name\":\"MENTIONS L\u00c9GALES - CRPL\",\"isPartOf\":{\"@id\":\"https:\\\/\\\/crpl47.com\\\/#website\"},\"datePublished\":\"2022-09-21T21:41:47+00:00\",\"dateModified\":\"2022-09-21T21:41:54+00:00\",\"breadcrumb\":{\"@id\":\"https:\\\/\\\/crpl47.com\\\/index.php\\\/mentions-legales\\\/#breadcrumb\"},\"inLanguage\":\"fr-FR\",\"potentialAction\":[{\"@type\":\"ReadAction\",\"target\":[\"https:\\\/\\\/crpl47.com\\\/index.php\\\/mentions-legales\\\/\"]}]},{\"@type\":\"BreadcrumbList\",\"@id\":\"https:\\\/\\\/crpl47.com\\\/index.php\\\/mentions-legales\\\/#breadcrumb\",\"itemListElement\":[{\"@type\":\"ListItem\",\"position\":1,\"name\":\"Accueil\",\"item\":\"https:\\\/\\\/crpl47.com\\\/\"},{\"@type\":\"ListItem\",\"position\":2,\"name\":\"MENTIONS L\u00c9GALES\"}]},{\"@type\":\"WebSite\",\"@id\":\"https:\\\/\\\/crpl47.com\\\/#website\",\"url\":\"https:\\\/\\\/crpl47.com\\\/\",\"name\":\"CRPL\",\"description\":\"Centre de Rectification des Poids Lourds C.R.P.L\",\"publisher\":{\"@id\":\"https:\\\/\\\/crpl47.com\\\/#organization\"},\"potentialAction\":[{\"@type\":\"SearchAction\",\"target\":{\"@type\":\"EntryPoint\",\"urlTemplate\":\"https:\\\/\\\/crpl47.com\\\/?s={search_term_string}\"},\"query-input\":{\"@type\":\"PropertyValueSpecification\",\"valueRequired\":true,\"valueName\":\"search_term_string\"}}],\"inLanguage\":\"fr-FR\"},{\"@type\":\"Organization\",\"@id\":\"https:\\\/\\\/crpl47.com\\\/#organization\",\"name\":\"CRPL\",\"url\":\"https:\\\/\\\/crpl47.com\\\/\",\"logo\":{\"@type\":\"ImageObject\",\"inLanguage\":\"fr-FR\",\"@id\":\"https:\\\/\\\/crpl47.com\\\/#\\\/schema\\\/logo\\\/image\\\/\",\"url\":\"https:\\\/\\\/crpl47.com\\\/wp-content\\\/uploads\\\/2022\\\/09\\\/cropped-Logo-07.png\",\"contentUrl\":\"https:\\\/\\\/crpl47.com\\\/wp-content\\\/uploads\\\/2022\\\/09\\\/cropped-Logo-07.png\",\"width\":512,\"height\":512,\"caption\":\"CRPL\"},\"image\":{\"@id\":\"https:\\\/\\\/crpl47.com\\\/#\\\/schema\\\/logo\\\/image\\\/\"}}]}<\/script>\n<!-- \/ Yoast SEO plugin. -->","yoast_head_json":{"title":"MENTIONS L\u00c9GALES - CRPL","robots":{"index":"index","follow":"follow","max-snippet":"max-snippet:-1","max-image-preview":"max-image-preview:large","max-video-preview":"max-video-preview:-1"},"canonical":"https:\/\/crpl47.com\/index.php\/mentions-legales\/","og_locale":"fr_FR","og_type":"article","og_title":"MENTIONS L\u00c9GALES - CRPL","og_description":"Ce site est \u00e9dit\u00e9 par : Centre de Rectification Poids Lourds Capital : 16769.00 \u20ac Adresse : rue Denis Papin ZI Jean Mal\u00e8ze 47240 CASTELCULIER Adresse \u00e9lectronique : crpl[@]wanadoo.fr T\u00e9l\u00e9phone : 0553489410 N\u00b0 Registre du Commerce ou R\u00e9pertoire des m\u00e9tiers : 328338934 N\u00b0 SIRET de l\u2019\u00e9tablissement : 328338934 00024 N\u00b0 d\u2019assujettissement \u00e0 la TVA : [&hellip;]","og_url":"https:\/\/crpl47.com\/index.php\/mentions-legales\/","og_site_name":"CRPL","article_modified_time":"2022-09-21T21:41:54+00:00","twitter_card":"summary_large_image","twitter_misc":{"Dur\u00e9e de lecture estim\u00e9e":"3 minutes"},"schema":{"@context":"https:\/\/schema.org","@graph":[{"@type":"WebPage","@id":"https:\/\/crpl47.com\/index.php\/mentions-legales\/","url":"https:\/\/crpl47.com\/index.php\/mentions-legales\/","name":"MENTIONS L\u00c9GALES - CRPL","isPartOf":{"@id":"https:\/\/crpl47.com\/#website"},"datePublished":"2022-09-21T21:41:47+00:00","dateModified":"2022-09-21T21:41:54+00:00","breadcrumb":{"@id":"https:\/\/crpl47.com\/index.php\/mentions-legales\/#breadcrumb"},"inLanguage":"fr-FR","potentialAction":[{"@type":"ReadAction","target":["https:\/\/crpl47.com\/index.php\/mentions-legales\/"]}]},{"@type":"BreadcrumbList","@id":"https:\/\/crpl47.com\/index.php\/mentions-legales\/#breadcrumb","itemListElement":[{"@type":"ListItem","position":1,"name":"Accueil","item":"https:\/\/crpl47.com\/"},{"@type":"ListItem","position":2,"name":"MENTIONS L\u00c9GALES"}]},{"@type":"WebSite","@id":"https:\/\/crpl47.com\/#website","url":"https:\/\/crpl47.com\/","name":"CRPL","description":"Centre de Rectification des Poids Lourds C.R.P.L","publisher":{"@id":"https:\/\/crpl47.com\/#organization"},"potentialAction":[{"@type":"SearchAction","target":{"@type":"EntryPoint","urlTemplate":"https:\/\/crpl47.com\/?s={search_term_string}"},"query-input":{"@type":"PropertyValueSpecification","valueRequired":true,"valueName":"search_term_string"}}],"inLanguage":"fr-FR"},{"@type":"Organization","@id":"https:\/\/crpl47.com\/#organization","name":"CRPL","url":"https:\/\/crpl47.com\/","logo":{"@type":"ImageObject","inLanguage":"fr-FR","@id":"https:\/\/crpl47.com\/#\/schema\/logo\/image\/","url":"https:\/\/crpl47.com\/wp-content\/uploads\/2022\/09\/cropped-Logo-07.png","contentUrl":"https:\/\/crpl47.com\/wp-content\/uploads\/2022\/09\/cropped-Logo-07.png","width":512,"height":512,"caption":"CRPL"},"image":{"@id":"https:\/\/crpl47.com\/#\/schema\/logo\/image\/"}}]}},"_links":{"self":[{"href":"https:\/\/crpl47.com\/index.php\/wp-json\/wp\/v2\/pages\/371","targetHints":{"allow":["GET"]}}],"collection":[{"href":"https:\/\/crpl47.com\/index.php\/wp-json\/wp\/v2\/pages"}],"about":[{"href":"https:\/\/crpl47.com\/index.php\/wp-json\/wp\/v2\/types\/page"}],"author":[{"embeddable":true,"href":"https:\/\/crpl47.com\/index.php\/wp-json\/wp\/v2\/users\/1"}],"replies":[{"embeddable":true,"href":"https:\/\/crpl47.com\/index.php\/wp-json\/wp\/v2\/comments?post=371"}],"version-history":[{"count":2,"href":"https:\/\/crpl47.com\/index.php\/wp-json\/wp\/v2\/pages\/371\/revisions"}],"predecessor-version":[{"id":374,"href":"https:\/\/crpl47.com\/index.php\/wp-json\/wp\/v2\/pages\/371\/revisions\/374"}],"wp:attachment":[{"href":"https:\/\/crpl47.com\/index.php\/wp-json\/wp\/v2\/media?parent=371"}],"curies":[{"name":"wp","href":"https:\/\/api.w.org\/{rel}","templated":true}]}}